{"id":85,"date":"2017-07-10T16:29:34","date_gmt":"2017-07-10T15:29:34","guid":{"rendered":"http:\/\/wcaot2017.blogs.upv.es\/?page_id=85"},"modified":"2018-11-19T14:52:23","modified_gmt":"2018-11-19T14:52:23","slug":"talks","status":"publish","type":"page","link":"https:\/\/wfaot2018.webs.upv.es\/index.php\/talks\/","title":{"rendered":"Talks"},"content":{"rendered":"<ul>\n<li>Chiara Boiti, Universit\u00e0 degli Studi di Ferrara (Italy)<\/li>\n<\/ul>\n<p style=\"padding-left: 30px;\">Rapidly decreasing ultradifferentiable functions and regularity of operators via Wigner-type transform<\/p>\n<ul>\n<li>Jaime Castillo, Universitat de Val\u00e8ncia (Spain)<\/li>\n<\/ul>\n<p style=\"padding-left: 30px;\">Composition and superposition on spaces of Dirichlet series<\/p>\n<ul>\n<li>Lianet\u00a0De la Cruz Toranzo, Universidad de Holgu\u00edn (Cuba)<\/li>\n<\/ul>\n<p style=\"padding-left: 30px;\">The Plemelj\u2013Privalov theorem in polyanalytic function theory<\/p>\n<ul>\n<li>C\u00e9line Esser, Universit\u00e9 de Li\u00e8ge (Belgium)<\/li>\n<\/ul>\n<p style=\"padding-left: 30px;\">Algebrability in H\u00f6lder spaces<\/p>\n<ul>\n<li>Jorge Galindo Pastor, Universitat Jaume I (Spain)<\/li>\n<\/ul>\n<p style=\"padding-left: 30px;\">Ergodic properties of convolution operators<\/p>\n<ul>\n<li>Ismael Garc\u00eda Bayona, Universitat de Val\u00e8ncia (Spain)<\/li>\n<\/ul>\n<p style=\"padding-left: 30px;\">On matrices with operator entries<\/p>\n<ul>\n<li>Miguel Garc\u00eda Bravo, Universidad Aut\u00f3noma de Madrid (Spain)<\/li>\n<\/ul>\n<p style=\"padding-left: 30px;\">Approximating continuous functions with smooth ones without critical points<\/p>\n<ul>\n<li>Clifford Gilmore, University of Manchester (United Kingdom)<\/li>\n<\/ul>\n<p style=\"padding-left: 30px;\">Hypercyclicity of derivations<\/p>\n<ul>\n<li>Thomas Kalmes, Technische Universit\u00e4t Chemnitz (Germany)<\/li>\n<\/ul>\n<p style=\"padding-left: 30px;\">Some results on partial differential operators with a single characteristic direction<\/p>\n<ul>\n<li>Ersin Kizgut, Universitat Polit\u00e8cnica de Val\u00e8ncia (Spain)<\/li>\n<\/ul>\n<p style=\"padding-left: 30px;\">The Ces\u00e0ro operator on K\u00f6the sequence spaces<\/p>\n<ul>\n<li>Manuel L\u00f3pez Pellicer, Universitat Polit\u00e8cnica de Val\u00e8ncia (Spain)<\/li>\n<\/ul>\n<p style=\"padding-left: 30px;\">Results and questions related with separability<\/p>\n<ul>\n<li>Miguel Mart\u00edn, Universidad de Granada (Spain)<\/li>\n<\/ul>\n<p style=\"padding-left: 30px;\">Spear operators and the numerical index with respect to an operator<\/p>\n<ul>\n<li>Quentin Menet, Universit\u00e9 d\u2019Artois (France)<\/li>\n<\/ul>\n<p style=\"padding-left: 30px;\">Invertible operators and dynamical properties<\/p>\n<ul>\n<li>David Nenning, Universit\u00e4t Wien (Austria)<\/li>\n<\/ul>\n<p style=\"padding-left: 30px;\">The Trouv\u00e9 group for spaces of test functions<\/p>\n<ul>\n<li>Alessandro Oliaro, Universit\u00e0 degli Studi de Torino (Italy)<\/li>\n<\/ul>\n<p style=\"padding-left: 30px;\">Paley-Wiener theorems of real type in ultradifferentiable spaces<\/p>\n<ul>\n<li>Jos\u00e9 Orihuela, Universidad de Murcia (Spain)<\/li>\n<\/ul>\n<p style=\"padding-left: 30px;\">Interactions of H. Lebesgue, G. Mackey and R.C. James<\/p>\n<ul>\n<li>Krzysztof Picszczek, Adam Mickiewicz University (Poland)<\/li>\n<\/ul>\n<p style=\"padding-left: 30px;\">Self-derivations on the noncommutative Schwartz space<\/p>\n<ul>\n<li>Mat\u00edas Raja, Universidad de Murcia (Spain)<\/li>\n<\/ul>\n<p style=\"padding-left: 30px;\">Renorming <em>X<\/em> through <em>L<sup>2<\/sup>(X)<\/em><\/p>\n<ul>\n<li>Javier Sanz, Universidad de Valladolid (Spain)<\/li>\n<\/ul>\n<p style=\"padding-left: 30px;\">Surjectivity and summability kernels in Roumieu-Carleman ultraholomorphic classes in sectors<\/p>\n<ul>\n<li>Juan Seoane, Universidad Complutense de Madrid (Spain)<\/li>\n<\/ul>\n<p style=\"padding-left: 30px;\">Differentiability versus continuity. Restriction and extension theorems and monstrous examples<\/p>\n<ul>\n<li>Gerhard Schindl , Universit\u00e4t Wien (Austria)<\/li>\n<\/ul>\n<p style=\"padding-left: 30px;\">Sectorial extensions for ultraholomorphic classes defined by weight functions<\/p>\n<ul>\n<li>Joachim Toft, Linnaeus University (Swedish)<\/li>\n<\/ul>\n<p style=\"padding-left: 30px;\">Liftings for ultra-modulation spaces, and one-parameter groups of Gevrey type pseudo-differential operators<\/p>\n<ul>\n<li>Dietmar Vogt, Bergische Universit\u00e4t Wuppertal (Germany)<\/li>\n<\/ul>\n<p style=\"padding-left: 30px;\">Surjectivity of Euler-type differential operators on spaces of distributions<\/p>\n<ul>\n<li>Jochen Wengenroth, Universit\u00e4t Trier (Germany)<\/li>\n<\/ul>\n<p style=\"padding-left: 30px;\">Some remarks on <em>P<\/em>-convexity for linear partial differential operators<\/p>\n","protected":false},"excerpt":{"rendered":"<p>Chiara Boiti, Universit\u00e0 degli Studi di Ferrara (Italy) Rapidly decreasing ultradifferentiable functions and regularity of operators via Wigner-type transform Jaime Castillo, Universitat de Val\u00e8ncia (Spain) Composition and superposition on spaces of Dirichlet series Lianet\u00a0De la Cruz Toranzo, Universidad de Holgu\u00edn (Cuba) The Plemelj\u2013Privalov theorem in polyanalytic function theory C\u00e9line Esser, Universit\u00e9 de Li\u00e8ge (Belgium) Algebrability &hellip; <a href=\"https:\/\/wfaot2018.webs.upv.es\/index.php\/talks\/\" class=\"more-link\">Seguir leyendo <span class=\"screen-reader-text\">Talks<\/span> <span class=\"meta-nav\">&rarr;<\/span><\/a><\/p>\n","protected":false},"author":4,"featured_media":0,"parent":0,"menu_order":0,"comment_status":"closed","ping_status":"closed","template":"","meta":{"inline_featured_image":false,"footnotes":""},"class_list":["post-85","page","type-page","status-publish","hentry"],"_links":{"self":[{"href":"https:\/\/wfaot2018.webs.upv.es\/index.php\/wp-json\/wp\/v2\/pages\/85","targetHints":{"allow":["GET"]}}],"collection":[{"href":"https:\/\/wfaot2018.webs.upv.es\/index.php\/wp-json\/wp\/v2\/pages"}],"about":[{"href":"https:\/\/wfaot2018.webs.upv.es\/index.php\/wp-json\/wp\/v2\/types\/page"}],"author":[{"embeddable":true,"href":"https:\/\/wfaot2018.webs.upv.es\/index.php\/wp-json\/wp\/v2\/users\/4"}],"replies":[{"embeddable":true,"href":"https:\/\/wfaot2018.webs.upv.es\/index.php\/wp-json\/wp\/v2\/comments?post=85"}],"version-history":[{"count":14,"href":"https:\/\/wfaot2018.webs.upv.es\/index.php\/wp-json\/wp\/v2\/pages\/85\/revisions"}],"predecessor-version":[{"id":1563,"href":"https:\/\/wfaot2018.webs.upv.es\/index.php\/wp-json\/wp\/v2\/pages\/85\/revisions\/1563"}],"wp:attachment":[{"href":"https:\/\/wfaot2018.webs.upv.es\/index.php\/wp-json\/wp\/v2\/media?parent=85"}],"curies":[{"name":"wp","href":"https:\/\/api.w.org\/{rel}","templated":true}]}}